{"id":6690,"date":"2025-05-31T11:25:09","date_gmt":"2025-05-31T09:25:09","guid":{"rendered":"http:\/\/furniture.shops-hosting.de\/shop\/produkt\/mini-curved-grey-washed-bedside\/"},"modified":"2025-05-31T11:34:12","modified_gmt":"2025-05-31T09:34:12","slug":"mini-curved-grey-washed-bedside","status":"publish","type":"product","link":"http:\/\/furniture.shop-webspace.de\/shop\/produkt\/mini-curved-grey-washed-bedside\/","title":{"rendered":"Mini-Nachttisch, geschwungen, grau gekalkt"},"content":{"rendered":"<p>Die Mini-Version unserer ber\u00fchmten geschwungenen Nachttische. Dieser kleine, aber praktische Nachttisch eignet sich perfekt f\u00fcr Snacks, Getr\u00e4nke oder eine Lampe. Er ist \u00fcberall in Ihrem Zuhause praktisch und besteht aus 100 % massivem Mangoholz in einem sch\u00f6nen grau gekalkten Finish. Seine geschwungenen Kanten passen in jedes Zuhause. Er verf\u00fcgt \u00fcber zwei Schubladen mit gl\u00e4nzenden Kn\u00f6pfen und vier nordisch anmutende Beine. Dieses kleine Produkt ist Teil der Recession Collection.<\/p>\n","protected":false},"excerpt":{"rendered":"<p>Die Mini-Version unserer ber\u00fchmten geschwungenen Nachttische. Dieser kleine, aber praktische Nachttisch eignet sich perfekt f\u00fcr Snacks, Getr\u00e4nke oder eine Lampe. Er ist \u00fcberall in Ihrem Zuhause praktisch und besteht aus 100 % massivem Mangoholz in einem sch\u00f6nen grau gekalkten Finish. Seine geschwungenen Kanten passen in jedes Zuhause. Er verf\u00fcgt \u00fcber zwei Schubladen mit gl\u00e4nzenden Kn\u00f6pfen [&hellip;]<\/p>\n","protected":false},"featured_media":5588,"comment_status":"closed","ping_status":"open","template":"","meta":[],"product_brand":[],"product_cat":[],"product_tag":[],"class_list":{"0":"post-6690","1":"product","2":"type-product","3":"status-publish","4":"has-post-thumbnail","7":"first","8":"instock","9":"shipping-taxable","10":"purchasable","11":"product-type-simple"},"_links":{"self":[{"href":"http:\/\/furniture.shop-webspace.de\/shop\/wp-json\/wp\/v2\/product\/6690","targetHints":{"allow":["GET"]}}],"collection":[{"href":"http:\/\/furniture.shop-webspace.de\/shop\/wp-json\/wp\/v2\/product"}],"about":[{"href":"http:\/\/furniture.shop-webspace.de\/shop\/wp-json\/wp\/v2\/types\/product"}],"replies":[{"embeddable":true,"href":"http:\/\/furniture.shop-webspace.de\/shop\/wp-json\/wp\/v2\/comments?post=6690"}],"wp:featuredmedia":[{"embeddable":true,"href":"http:\/\/furniture.shop-webspace.de\/shop\/wp-json\/wp\/v2\/media\/5588"}],"wp:attachment":[{"href":"http:\/\/furniture.shop-webspace.de\/shop\/wp-json\/wp\/v2\/media?parent=6690"}],"wp:term":[{"taxonomy":"product_brand","embeddable":true,"href":"http:\/\/furniture.shop-webspace.de\/shop\/wp-json\/wp\/v2\/product_brand?post=6690"},{"taxonomy":"product_cat","embeddable":true,"href":"http:\/\/furniture.shop-webspace.de\/shop\/wp-json\/wp\/v2\/product_cat?post=6690"},{"taxonomy":"product_tag","embeddable":true,"href":"http:\/\/furniture.shop-webspace.de\/shop\/wp-json\/wp\/v2\/product_tag?post=6690"}],"curies":[{"name":"wp","href":"https:\/\/api.w.org\/{rel}","templated":true}]}}